{"id":12,"date":"2023-01-10T16:42:44","date_gmt":"2023-01-10T16:42:44","guid":{"rendered":"https:\/\/djiterra-training.de\/?page_id=12"},"modified":"2024-01-03T14:08:05","modified_gmt":"2024-01-03T14:08:05","slug":"dji-terra-training","status":"publish","type":"page","link":"https:\/\/djiterra-training.com\/","title":{"rendered":"DJI Terra &#8211; Ma\u00dfgeschneiderte Schulungen f\u00fcr Vermesser"},"content":{"rendered":"\n<p>Erlernen sie den Umgang mit der leistungsstarken Photogrammetrie-Software&nbsp;<strong><a href=\"https:\/\/www.dji.com\/de\/dji-terra\" target=\"_blank\" rel=\"noreferrer noopener\">DJI Terra<\/a><\/strong>&nbsp;von&nbsp;<strong><a href=\"https:\/\/www.dji.com\/de\" target=\"_blank\" rel=\"noreferrer noopener\">DJI<\/a><\/strong>&nbsp;und finden sie einen Einstieg in die 3D-Modellierung! Mit uns lernen Sie, wie Sie mit Ihrer DJI Drohne&nbsp;<a href=\"https:\/\/www.3ds-scan.de\/de\/?page_id=1928\" target=\"_blank\" rel=\"noreferrer noopener\"><strong>Punktwolken<\/strong><\/a>,&nbsp;<a href=\"https:\/\/www.3ds-scan.de\/de\/produkte\/orthophotos\/\" target=\"_blank\" rel=\"noreferrer noopener\"><strong>Orthophotos<\/strong><\/a>,&nbsp;<a href=\"https:\/\/www.3ds-scan.de\/de\/produkte\/gelaendemodelle\/\" target=\"_blank\" rel=\"noreferrer noopener\"><strong>Gel\u00e4ndemodelle<\/strong><\/a>&nbsp;sowie texturierte&nbsp;<a href=\"https:\/\/www.3ds-scan.de\/de\/produkte\/3d-modelle\/\" target=\"_blank\" rel=\"noreferrer noopener\"><strong>3D-Modelle<\/strong><\/a> von h\u00f6chster Qualit\u00e4t&nbsp;in erstellen.<\/p>\n\n\n\n<p>DJI Terra ist eine Softwarel\u00f6sung von DJI welche Flugplanung und photogrammetrische Datenauswertung vereint.&nbsp;Die Software zeichnet sich durch die schnelle Verarbeitungsgeschwindigkeit, der hohen Qualit\u00e4t der 2D &amp; 3D-Rekonstruktionen sowie einer einfachen Benutzeroberfl\u00e4che aus. <\/p>\n\n\n<div class=\"wp-block-image\">\n<figure class=\"aligncenter size-full is-resized\"><img decoding=\"async\" loading=\"lazy\" src=\"https:\/\/djiterra-training.de\/wp-content\/uploads\/2023\/01\/dji-terra.jpg\" alt=\"\" class=\"wp-image-6\" width=\"250\" height=\"250\" srcset=\"https:\/\/djiterra-training.com\/wp-content\/uploads\/2023\/01\/dji-terra.jpg 600w, https:\/\/djiterra-training.com\/wp-content\/uploads\/2023\/01\/dji-terra-300x300.jpg 300w, https:\/\/djiterra-training.com\/wp-content\/uploads\/2023\/01\/dji-terra-150x150.jpg 150w\" sizes=\"(max-width: 250px) 100vw, 250px\" \/><\/figure><\/div>\n\n\n<p>Wir haben <strong>DJI Terra<\/strong> seit dem ersten Release in 2019 in diversen Vermessungsprojekten erfolgreich eingesetzt. Als gr\u00f6\u00dfter Anbieter f\u00fcr Photogrammetrie-Dienstleistungen und Schulungen&nbsp;in Deutschland geben wir gerne unsere Erfahrungen und Workflows an unsere Kunden weiter. Unsere zertifizierten Photogrammetrie-Experten leiten sie durch den Kurs und sorgen daf\u00fcr das alle Ihre Fragen rund um die Themen Datenaufnahme, photogrammetrische Auswertung und Weiterverarbeitung der gewonnen Daten gekl\u00e4rt werden.<\/p>\n\n\n<div class=\"wp-block-image\">\n<figure class=\"aligncenter size-large\"><img decoding=\"async\" loading=\"lazy\" width=\"1024\" height=\"560\" src=\"https:\/\/djiterra-training.com\/wp-content\/uploads\/2023\/02\/Screenshot-2023-02-17-172525-1024x560.jpg\" alt=\"\" class=\"wp-image-189\" srcset=\"https:\/\/djiterra-training.com\/wp-content\/uploads\/2023\/02\/Screenshot-2023-02-17-172525-1024x560.jpg 1024w, https:\/\/djiterra-training.com\/wp-content\/uploads\/2023\/02\/Screenshot-2023-02-17-172525-300x164.jpg 300w, https:\/\/djiterra-training.com\/wp-content\/uploads\/2023\/02\/Screenshot-2023-02-17-172525-768x420.jpg 768w, https:\/\/djiterra-training.com\/wp-content\/uploads\/2023\/02\/Screenshot-2023-02-17-172525-1536x840.jpg 1536w, https:\/\/djiterra-training.com\/wp-content\/uploads\/2023\/02\/Screenshot-2023-02-17-172525-2048x1120.jpg 2048w\" sizes=\"(max-width: 1024px) 100vw, 1024px\" \/><\/figure><\/div>\n\n\n<hr class=\"wp-block-separator has-alpha-channel-opacity\"\/>\n\n\n\n<h2>DJI Terra im \u00dcberblick:<\/h2>\n\n\n\n<p><strong>DJI Terra<\/strong>&nbsp;wurde von DJI Innovations f\u00fcr Enterprise- und Business-Kunden entwickelt. Bei der Software handelt es sich um eine L\u00f6sung f\u00fcr <strong>Flugplanung,<\/strong> <strong>Kartierung und Luftbildvermessung<\/strong>&nbsp;\u2013 es k\u00f6nnen Fl\u00fcge geplant, Daten erfasst, Bereiche kartiert und die Daten anschlie\u00dfend analysiert werden. Damit erlaubt DJI Terra die z\u00fcgige Digitalisierung der Umgebung und kann daher in der Vermessung, im Bau- und Immobiliengewerbe, in der Landwirtschaft oder bei der Erfassung von Infrastrukturprojekten eingesetzt werden. Zudem kann die Software in Verbindung mit dem Laserscanner L1 sowie den Multispektrall\u00f6sungen von DJI genutzt werden. Vorteile der Software gegeb\u00fcber anderen Photogrammetrie-L\u00f6sungen sind die einfache Benutzeroberfl\u00e4che und die Verarbeitungsgeschwindigkeit &#8211; die Datenqualit\u00e4t liegt dabei auf \u00e4hnlichem Niveau der seit Jahren etablierten Photogrammetrie-L\u00f6sungen. Einziger Nachteil sind die fehlenden Optionen zur Nachbearbeitung der berechneten Datenprodukte.<\/p>\n\n\n\n<p>DJI Terra umfasst zwei Hauptkomponenten: Flugplanung und photogrammetrische Datenauswertung<\/p>\n\n\n\n<p><strong>Flugplanung:<\/strong><\/p>\n\n\n\n<p>Erstellen Sie effiziente Flugrouten mit vordefinierten Aktionen an den jeweiligen Wegpunkten. Schl\u00fcsselfunktionen wie beispielsweise Geschwindigkeit, Flugh\u00f6he und Gimbal-Ausrichtung k\u00f6nnen vor dem Flug festgelegt werden. F\u00fcr komplexere Flugauftr\u00e4ge und Fl\u00fcge in beengten Verh\u00e4ltnissen, die ein sehr hohes Ma\u00df an Detailgenauigkeit ben\u00f6tigen, steht jetzt eine 3D-Flugvisualisierung zur Verf\u00fcgung, um Fl\u00fcge in bestehenden 3D-Modellen zu planen und zu simulieren.<\/p>\n\n\n\n<p><strong>Photogrammetrische Auswertung:<\/strong><\/p>\n\n\n\n<p>Sie k\u00f6nnen mit DJI Terra 2D-Orthophotos sowie hochaufl\u00f6sende Punktwolken und 3D-Modelle erstellen. Zudem k\u00f6nnen Multispektraldaten (P4MS, M3MS) sowie LiDAR-Rohdaten (L1) verarbeitet werden Es handelt sich um eine Komplettl\u00f6sung, die industriellen Anwendern beispiellose Effizienz bietet, mit umfassenden Rekonstruktionsmodellen f\u00fcr Branchen wie Landkartierung, Energie\u00fcbertragung, Notfalldienste, Bauwesen, Transport und Landwirtschaft.<\/p>\n\n\n\n<p><strong>LIDAR Daten aufbereiten (L1)<\/strong><\/p>\n\n\n\n<p>Verarbeiten Sie Punktwolkendaten in DJI Terra, die mit der Zenmuse L1 erfasst wurden. Berechnen Sie mit nur einem Klick POS-Daten, f\u00fchren Sie Punktwolken- und RGB-Daten zusammen, exportieren Sie Punktwolken in Standardformaten und erstellen Sie Einsatzberichte.<\/p>\n\n\n\n<p><strong>Multispektraldaten auswerten<\/strong> (P4 MS, M3MS)<\/p>\n\n\n\n<p>Erzeugen Sie mithilfe multispektraler Daten der P4 Multispectral radiometrisch kalibrierte Reflexionskarten zur Erforschung per Fernerkennung und f\u00fcr vieles mehr oder erstellen Sie Vegetationsindexkarten einschlie\u00dflich NDVI und NDRE, welche Einblicke in den Gesundheitszustand der Pflanzen geben und beim Treffen wichtiger Entscheidungen f\u00fcr die Bewirtschaftung helfen.<\/p>\n\n\n\n<p>Weitere Infos zu DJI Terra finden sie <strong><a href=\"https:\/\/www.dji.com\/de\/dji-terra\" target=\"_blank\" rel=\"noreferrer noopener\">hier<\/a><\/strong>.<\/p>\n\n\n\n<hr class=\"wp-block-separator has-alpha-channel-opacity\"\/>\n\n\n<div class=\"wp-block-image\">\n<figure class=\"aligncenter size-large\"><img decoding=\"async\" loading=\"lazy\" width=\"1024\" height=\"560\" src=\"https:\/\/djiterra-training.com\/wp-content\/uploads\/2023\/03\/Screenshot-2023-03-16-161700-1024x560.jpg\" alt=\"\" class=\"wp-image-328\" srcset=\"https:\/\/djiterra-training.com\/wp-content\/uploads\/2023\/03\/Screenshot-2023-03-16-161700-1024x560.jpg 1024w, https:\/\/djiterra-training.com\/wp-content\/uploads\/2023\/03\/Screenshot-2023-03-16-161700-300x164.jpg 300w, https:\/\/djiterra-training.com\/wp-content\/uploads\/2023\/03\/Screenshot-2023-03-16-161700-768x420.jpg 768w, https:\/\/djiterra-training.com\/wp-content\/uploads\/2023\/03\/Screenshot-2023-03-16-161700-1536x840.jpg 1536w, https:\/\/djiterra-training.com\/wp-content\/uploads\/2023\/03\/Screenshot-2023-03-16-161700-2048x1120.jpg 2048w\" sizes=\"(max-width: 1024px) 100vw, 1024px\" \/><\/figure><\/div>\n\n<div class=\"wp-block-image\">\n<figure class=\"aligncenter size-large\"><img decoding=\"async\" loading=\"lazy\" width=\"1024\" height=\"560\" src=\"https:\/\/djiterra-training.com\/wp-content\/uploads\/2023\/03\/Screenshot-2023-03-16-162036-1024x560.jpg\" alt=\"\" class=\"wp-image-327\" srcset=\"https:\/\/djiterra-training.com\/wp-content\/uploads\/2023\/03\/Screenshot-2023-03-16-162036-1024x560.jpg 1024w, https:\/\/djiterra-training.com\/wp-content\/uploads\/2023\/03\/Screenshot-2023-03-16-162036-300x164.jpg 300w, https:\/\/djiterra-training.com\/wp-content\/uploads\/2023\/03\/Screenshot-2023-03-16-162036-768x420.jpg 768w, https:\/\/djiterra-training.com\/wp-content\/uploads\/2023\/03\/Screenshot-2023-03-16-162036-1536x841.jpg 1536w, https:\/\/djiterra-training.com\/wp-content\/uploads\/2023\/03\/Screenshot-2023-03-16-162036-2048x1121.jpg 2048w\" sizes=\"(max-width: 1024px) 100vw, 1024px\" \/><\/figure><\/div>","protected":false},"excerpt":{"rendered":"<p>Erlernen sie den Umgang mit der leistungsstarken Photogrammetrie-Software&nbsp;DJI Terra&nbsp;von&nbsp;DJI&nbsp;und finden sie einen Einstieg in die 3D-Modellierung! Mit uns lernen Sie, wie Sie mit Ihrer DJI Drohne&nbsp;Punktwolken,&nbsp;Orthophotos,&nbsp;Gel\u00e4ndemodelle&nbsp;sowie texturierte&nbsp;3D-Modelle von h\u00f6chster Qualit\u00e4t&nbsp;in erstellen. DJI Terra ist eine Softwarel\u00f6sung von DJI welche Flugplanung und photogrammetrische Datenauswertung vereint.&nbsp;Die Software zeichnet sich durch die schnelle Verarbeitungsgeschwindigkeit, der hohen Qualit\u00e4t der &#8230; <a title=\"DJI Terra &#8211; Ma\u00dfgeschneiderte Schulungen f\u00fcr Vermesser\" class=\"read-more\" href=\"https:\/\/djiterra-training.com\/\" aria-label=\"Mehr dazu unter DJI Terra &#8211; Ma\u00dfgeschneiderte Schulungen f\u00fcr Vermesser\">Weiterlesen<\/a><\/p>\n","protected":false},"author":2,"featured_media":0,"parent":0,"menu_order":0,"comment_status":"closed","ping_status":"closed","template":"","meta":[],"yoast_head":"<!-- This site is optimized with the Yoast SEO plugin v20.1 - https:\/\/yoast.com\/wordpress\/plugins\/seo\/ -->\n<title>DJI Terra - Ma\u00dfgeschneiderte Schulungen f\u00fcr Vermesser - DJI Terra Trainings<\/title>\n<meta name=\"description\" content=\"DJI Terra ist eine Softwarel\u00f6sung die Flugplanung und photogrammetrische Datenauswertung vereint.\u00a0 Die Software zeichnet sich durch die\" \/>\n<meta name=\"robots\" content=\"index, follow, max-snippet:-1, max-image-preview:large, max-video-preview:-1\" \/>\n<link rel=\"canonical\" href=\"https:\/\/djiterra-training.com\/\" \/>\n<meta property=\"og:locale\" content=\"de_DE\" \/>\n<meta property=\"og:type\" content=\"article\" \/>\n<meta property=\"og:title\" content=\"DJI Terra - Ma\u00dfgeschneiderte Schulungen f\u00fcr Vermesser - DJI Terra Trainings\" \/>\n<meta property=\"og:description\" content=\"DJI Terra ist eine Softwarel\u00f6sung die Flugplanung und photogrammetrische Datenauswertung vereint.\u00a0 Die Software zeichnet sich durch die\" \/>\n<meta property=\"og:url\" content=\"https:\/\/djiterra-training.com\/\" \/>\n<meta property=\"og:site_name\" content=\"DJI Terra Trainings\" \/>\n<meta property=\"article:modified_time\" content=\"2024-01-03T14:08:05+00:00\" \/>\n<meta property=\"og:image\" content=\"https:\/\/djiterra-training.de\/wp-content\/uploads\/2023\/01\/dji-terra.jpg\" \/>\n<meta name=\"twitter:card\" content=\"summary_large_image\" \/>\n<meta name=\"twitter:label1\" content=\"Gesch\u00e4tzte Lesezeit\" \/>\n\t<meta name=\"twitter:data1\" content=\"4\u00a0Minuten\" \/>\n<script type=\"application\/ld+json\" class=\"yoast-schema-graph\">{\"@context\":\"https:\/\/schema.org\",\"@graph\":[{\"@type\":\"WebPage\",\"@id\":\"https:\/\/djiterra-training.com\/\",\"url\":\"https:\/\/djiterra-training.com\/\",\"name\":\"DJI Terra - Ma\u00dfgeschneiderte Schulungen f\u00fcr Vermesser - DJI Terra Trainings\",\"isPartOf\":{\"@id\":\"https:\/\/djiterra-training.com\/#website\"},\"datePublished\":\"2023-01-10T16:42:44+00:00\",\"dateModified\":\"2024-01-03T14:08:05+00:00\",\"description\":\"DJI Terra ist eine Softwarel\u00f6sung die Flugplanung und photogrammetrische Datenauswertung vereint.\u00a0 Die Software zeichnet sich durch die\",\"breadcrumb\":{\"@id\":\"https:\/\/djiterra-training.com\/#breadcrumb\"},\"inLanguage\":\"de\",\"potentialAction\":[{\"@type\":\"ReadAction\",\"target\":[\"https:\/\/djiterra-training.com\/\"]}]},{\"@type\":\"BreadcrumbList\",\"@id\":\"https:\/\/djiterra-training.com\/#breadcrumb\",\"itemListElement\":[{\"@type\":\"ListItem\",\"position\":1,\"name\":\"Startseite\",\"item\":\"https:\/\/djiterra-training.com\/\"},{\"@type\":\"ListItem\",\"position\":2,\"name\":\"DJI Terra &#8211; Ma\u00dfgeschneiderte Schulungen f\u00fcr Vermesser\"}]},{\"@type\":\"WebSite\",\"@id\":\"https:\/\/djiterra-training.com\/#website\",\"url\":\"https:\/\/djiterra-training.com\/\",\"name\":\"DJI Terra Trainings\",\"description\":\"powered by 3ds-scan.de\",\"publisher\":{\"@id\":\"https:\/\/djiterra-training.com\/#organization\"},\"potentialAction\":[{\"@type\":\"SearchAction\",\"target\":{\"@type\":\"EntryPoint\",\"urlTemplate\":\"https:\/\/djiterra-training.com\/?s={search_term_string}\"},\"query-input\":\"required name=search_term_string\"}],\"inLanguage\":\"de\"},{\"@type\":\"Organization\",\"@id\":\"https:\/\/djiterra-training.com\/#organization\",\"name\":\"DJI Terra Trainings\",\"url\":\"https:\/\/djiterra-training.com\/\",\"logo\":{\"@type\":\"ImageObject\",\"inLanguage\":\"de\",\"@id\":\"https:\/\/djiterra-training.com\/#\/schema\/logo\/image\/\",\"url\":\"https:\/\/djiterra-training.com\/wp-content\/uploads\/2023\/01\/dji_terra.png\",\"contentUrl\":\"https:\/\/djiterra-training.com\/wp-content\/uploads\/2023\/01\/dji_terra.png\",\"width\":225,\"height\":225,\"caption\":\"DJI Terra Trainings\"},\"image\":{\"@id\":\"https:\/\/djiterra-training.com\/#\/schema\/logo\/image\/\"}}]}<\/script>\n<!-- \/ Yoast SEO plugin. -->","yoast_head_json":{"title":"DJI Terra - Ma\u00dfgeschneiderte Schulungen f\u00fcr Vermesser - DJI Terra Trainings","description":"DJI Terra ist eine Softwarel\u00f6sung die Flugplanung und photogrammetrische Datenauswertung vereint.\u00a0 Die Software zeichnet sich durch die","robots":{"index":"index","follow":"follow","max-snippet":"max-snippet:-1","max-image-preview":"max-image-preview:large","max-video-preview":"max-video-preview:-1"},"canonical":"https:\/\/djiterra-training.com\/","og_locale":"de_DE","og_type":"article","og_title":"DJI Terra - Ma\u00dfgeschneiderte Schulungen f\u00fcr Vermesser - DJI Terra Trainings","og_description":"DJI Terra ist eine Softwarel\u00f6sung die Flugplanung und photogrammetrische Datenauswertung vereint.\u00a0 Die Software zeichnet sich durch die","og_url":"https:\/\/djiterra-training.com\/","og_site_name":"DJI Terra Trainings","article_modified_time":"2024-01-03T14:08:05+00:00","og_image":[{"url":"https:\/\/djiterra-training.de\/wp-content\/uploads\/2023\/01\/dji-terra.jpg"}],"twitter_card":"summary_large_image","twitter_misc":{"Gesch\u00e4tzte Lesezeit":"4\u00a0Minuten"},"schema":{"@context":"https:\/\/schema.org","@graph":[{"@type":"WebPage","@id":"https:\/\/djiterra-training.com\/","url":"https:\/\/djiterra-training.com\/","name":"DJI Terra - Ma\u00dfgeschneiderte Schulungen f\u00fcr Vermesser - DJI Terra Trainings","isPartOf":{"@id":"https:\/\/djiterra-training.com\/#website"},"datePublished":"2023-01-10T16:42:44+00:00","dateModified":"2024-01-03T14:08:05+00:00","description":"DJI Terra ist eine Softwarel\u00f6sung die Flugplanung und photogrammetrische Datenauswertung vereint.\u00a0 Die Software zeichnet sich durch die","breadcrumb":{"@id":"https:\/\/djiterra-training.com\/#breadcrumb"},"inLanguage":"de","potentialAction":[{"@type":"ReadAction","target":["https:\/\/djiterra-training.com\/"]}]},{"@type":"BreadcrumbList","@id":"https:\/\/djiterra-training.com\/#breadcrumb","itemListElement":[{"@type":"ListItem","position":1,"name":"Startseite","item":"https:\/\/djiterra-training.com\/"},{"@type":"ListItem","position":2,"name":"DJI Terra &#8211; Ma\u00dfgeschneiderte Schulungen f\u00fcr Vermesser"}]},{"@type":"WebSite","@id":"https:\/\/djiterra-training.com\/#website","url":"https:\/\/djiterra-training.com\/","name":"DJI Terra Trainings","description":"powered by 3ds-scan.de","publisher":{"@id":"https:\/\/djiterra-training.com\/#organization"},"potentialAction":[{"@type":"SearchAction","target":{"@type":"EntryPoint","urlTemplate":"https:\/\/djiterra-training.com\/?s={search_term_string}"},"query-input":"required name=search_term_string"}],"inLanguage":"de"},{"@type":"Organization","@id":"https:\/\/djiterra-training.com\/#organization","name":"DJI Terra Trainings","url":"https:\/\/djiterra-training.com\/","logo":{"@type":"ImageObject","inLanguage":"de","@id":"https:\/\/djiterra-training.com\/#\/schema\/logo\/image\/","url":"https:\/\/djiterra-training.com\/wp-content\/uploads\/2023\/01\/dji_terra.png","contentUrl":"https:\/\/djiterra-training.com\/wp-content\/uploads\/2023\/01\/dji_terra.png","width":225,"height":225,"caption":"DJI Terra Trainings"},"image":{"@id":"https:\/\/djiterra-training.com\/#\/schema\/logo\/image\/"}}]}},"_links":{"self":[{"href":"https:\/\/djiterra-training.com\/index.php?rest_route=\/wp\/v2\/pages\/12"}],"collection":[{"href":"https:\/\/djiterra-training.com\/index.php?rest_route=\/wp\/v2\/pages"}],"about":[{"href":"https:\/\/djiterra-training.com\/index.php?rest_route=\/wp\/v2\/types\/page"}],"author":[{"embeddable":true,"href":"https:\/\/djiterra-training.com\/index.php?rest_route=\/wp\/v2\/users\/2"}],"replies":[{"embeddable":true,"href":"https:\/\/djiterra-training.com\/index.php?rest_route=%2Fwp%2Fv2%2Fcomments&post=12"}],"version-history":[{"count":43,"href":"https:\/\/djiterra-training.com\/index.php?rest_route=\/wp\/v2\/pages\/12\/revisions"}],"predecessor-version":[{"id":373,"href":"https:\/\/djiterra-training.com\/index.php?rest_route=\/wp\/v2\/pages\/12\/revisions\/373"}],"wp:attachment":[{"href":"https:\/\/djiterra-training.com\/index.php?rest_route=%2Fwp%2Fv2%2Fmedia&parent=12"}],"curies":[{"name":"wp","href":"https:\/\/api.w.org\/{rel}","templated":true}]}}